{"id":785,"date":"2023-07-25T04:33:57","date_gmt":"2023-07-25T04:33:57","guid":{"rendered":"https:\/\/www.avistagrandephuketresort.com\/?page_id=785"},"modified":"2023-09-13T07:30:59","modified_gmt":"2023-09-13T07:30:59","slug":"avista-sea-view-2-bedroom-suite","status":"publish","type":"page","link":"https:\/\/www.avistagrandephuketresort.com\/de\/rooms-suites-karon-beach-hotel\/avista-sea-view-2-bedroom-suite\/","title":{"rendered":"Avista Sea View 2 Bedroom Suite"},"content":{"rendered":"<p style=\"text-align: center\">Das begehrte Juwel des <a href=\"https:\/\/www.avistagrandephuketresort.com\/de\/\">Avista Grande Phuket Karon<\/a>, die Avista Suite, bietet 105 Quadratmeter pure Exzellenz. Tats\u00e4chlich \u00fcbertrifft das anspruchsvolle Design, die Anordnung, Annehmlichkeiten, Dekoration und \u00dcberlegungen der Avista Suite jede<a href=\"https:\/\/www.avistagrandephuketresort.com\/de\/rooms-suites-karon-beach-hotel\/deluxe-suite-pool-access\/\">deluxe suite in Phuket<\/a>. Modern, elegant, opulent und pr\u00e4chtig \u2013 diese Suite bietet eine einzigartige Gelegenheit f\u00fcr einen zufriedenstellenden, erf\u00fcllenden und unvergesslichen Aufenthalt. Die M\u00f6bel sind von modernem, trendigem europ\u00e4ischem Stil inspiriert, kombiniert mit dem Besten, was die Tradition zu bieten hat. Japanische Schiebet\u00fcren trennen den Wohnbereich von den Schlafquartieren, was Ihnen die perfekte Mischung aus Ruhe und Produktivit\u00e4t erm\u00f6glicht. Dar\u00fcber hinaus ist es perfekt f\u00fcr einen erfolgreichen Gesch\u00e4ftsmenschen. Diese Suite wird die Sinne begeistern und un\u00fcbertroffenen Ruhe, Verj\u00fcngung und Unvergesslichkeit f\u00fcr jemanden mit den anspruchsvollsten Geschm\u00e4ckern bieten.<\/p>\n<p>&nbsp;<\/p>\n<p style=\"text-align: center\">Profitieren Sie von der besten garantierten Rate durch direkte Buchung! Genie\u00dfen Sie zus\u00e4tzlich 10 % Rabatt auf Ihren Aufenthalt als <a href=\"https:\/\/secure.accor.com\/lien_externe.svlt?goto=self-enroll&amp;contextparam=A224\">Mitglied von Accor ALL<\/a>.<\/p>\n","protected":false},"excerpt":{"rendered":"<p>Das begehrte Juwel des Avista Grande Phuket Karon, die Avista Suite, bietet 105 Quadratmeter pure Exzellenz. Tats\u00e4chlich \u00fcbertrifft das anspruchsvolle Design, die Anordnung, Annehmlichkeiten, Dekoration und \u00dcberlegungen der Avista Suite jededeluxe suite in Phuket. Modern, elegant, opulent und pr\u00e4chtig \u2013 diese Suite bietet eine einzigartige Gelegenheit f\u00fcr einen zufriedenstellenden, erf\u00fcllenden und unvergesslichen Aufenthalt. Die M\u00f6bel [&hellip;]<\/p>\n","protected":false},"author":55,"featured_media":0,"parent":760,"menu_order":10,"comment_status":"closed","ping_status":"closed","template":"template-room.php","meta":{"footnotes":""},"categories":[51],"class_list":["post-785","page","type-page","status-publish","hentry","category-suiten"],"acf":[],"yoast_head":"<!-- This site is optimized with the Yoast SEO plugin v26.9 - https:\/\/yoast.com\/product\/yoast-seo-wordpress\/ -->\n<title>Avista Sea View 2 Bedroom Suite - Avista Grande Phuket Karon - Mgallery<\/title>\n<meta name=\"robots\" content=\"index, follow, max-snippet:-1, max-image-preview:large, max-video-preview:-1\" \/>\n<link rel=\"canonical\" href=\"https:\/\/www.avistagrandephuketresort.com\/de\/rooms-suites-karon-beach-hotel\/avista-sea-view-2-bedroom-suite\/\" \/>\n<meta property=\"og:locale\" content=\"de_DE\" \/>\n<meta property=\"og:type\" content=\"article\" \/>\n<meta property=\"og:title\" content=\"Avista Sea View 2 Bedroom Suite - Avista Grande Phuket Karon - Mgallery\" \/>\n<meta property=\"og:description\" content=\"Das begehrte Juwel des Avista Grande Phuket Karon, die Avista Suite, bietet 105 Quadratmeter pure Exzellenz. Tats\u00e4chlich \u00fcbertrifft das anspruchsvolle Design, die Anordnung, Annehmlichkeiten, Dekoration und \u00dcberlegungen der Avista Suite jededeluxe suite in Phuket. Modern, elegant, opulent und pr\u00e4chtig \u2013 diese Suite bietet eine einzigartige Gelegenheit f\u00fcr einen zufriedenstellenden, erf\u00fcllenden und unvergesslichen Aufenthalt. Die M\u00f6bel [&hellip;]\" \/>\n<meta property=\"og:url\" content=\"https:\/\/www.avistagrandephuketresort.com\/de\/rooms-suites-karon-beach-hotel\/avista-sea-view-2-bedroom-suite\/\" \/>\n<meta property=\"og:site_name\" content=\"Avista Grande Phuket Karon - Mgallery\" \/>\n<meta property=\"article:modified_time\" content=\"2023-09-13T07:30:59+00:00\" \/>\n<meta name=\"twitter:card\" content=\"summary_large_image\" \/>\n<meta name=\"twitter:label1\" content=\"Gesch\u00e4tzte Lesezeit\" \/>\n\t<meta name=\"twitter:data1\" content=\"1 Minute\" \/>\n<script type=\"application\/ld+json\" class=\"yoast-schema-graph\">{\"@context\":\"https:\/\/schema.org\",\"@graph\":[{\"@type\":\"WebPage\",\"@id\":\"https:\/\/www.avistagrandephuketresort.com\/de\/rooms-suites-karon-beach-hotel\/avista-sea-view-2-bedroom-suite\/\",\"url\":\"https:\/\/www.avistagrandephuketresort.com\/de\/rooms-suites-karon-beach-hotel\/avista-sea-view-2-bedroom-suite\/\",\"name\":\"Avista Sea View 2 Bedroom Suite - Avista Grande Phuket Karon - Mgallery\",\"isPartOf\":{\"@id\":\"https:\/\/www.avistagrandephuketresort.com\/#website\"},\"datePublished\":\"2023-07-25T04:33:57+00:00\",\"dateModified\":\"2023-09-13T07:30:59+00:00\",\"breadcrumb\":{\"@id\":\"https:\/\/www.avistagrandephuketresort.com\/de\/rooms-suites-karon-beach-hotel\/avista-sea-view-2-bedroom-suite\/#breadcrumb\"},\"inLanguage\":\"de-DE\",\"potentialAction\":[{\"@type\":\"ReadAction\",\"target\":[\"https:\/\/www.avistagrandephuketresort.com\/de\/rooms-suites-karon-beach-hotel\/avista-sea-view-2-bedroom-suite\/\"]}]},{\"@type\":\"BreadcrumbList\",\"@id\":\"https:\/\/www.avistagrandephuketresort.com\/de\/rooms-suites-karon-beach-hotel\/avista-sea-view-2-bedroom-suite\/#breadcrumb\",\"itemListElement\":[{\"@type\":\"ListItem\",\"position\":1,\"name\":\"Home\",\"item\":\"https:\/\/www.avistagrandephuketresort.com\/de\/\"},{\"@type\":\"ListItem\",\"position\":2,\"name\":\"Zimmer &#038; Suiten\",\"item\":\"https:\/\/www.avistagrandephuketresort.com\/de\/rooms-suites-karon-beach-hotel\/\"},{\"@type\":\"ListItem\",\"position\":3,\"name\":\"Avista Sea View 2 Bedroom Suite\"}]},{\"@type\":\"WebSite\",\"@id\":\"https:\/\/www.avistagrandephuketresort.com\/#website\",\"url\":\"https:\/\/www.avistagrandephuketresort.com\/\",\"name\":\"Avista Grande Phuket Karon - Mgallery\",\"description\":\"\",\"potentialAction\":[{\"@type\":\"SearchAction\",\"target\":{\"@type\":\"EntryPoint\",\"urlTemplate\":\"https:\/\/www.avistagrandephuketresort.com\/?s={search_term_string}\"},\"query-input\":{\"@type\":\"PropertyValueSpecification\",\"valueRequired\":true,\"valueName\":\"search_term_string\"}}],\"inLanguage\":\"de-DE\"}]}<\/script>\n<!-- \/ Yoast SEO plugin. -->","yoast_head_json":{"title":"Avista Sea View 2 Bedroom Suite - Avista Grande Phuket Karon - Mgallery","robots":{"index":"index","follow":"follow","max-snippet":"max-snippet:-1","max-image-preview":"max-image-preview:large","max-video-preview":"max-video-preview:-1"},"canonical":"https:\/\/www.avistagrandephuketresort.com\/de\/rooms-suites-karon-beach-hotel\/avista-sea-view-2-bedroom-suite\/","og_locale":"de_DE","og_type":"article","og_title":"Avista Sea View 2 Bedroom Suite - Avista Grande Phuket Karon - Mgallery","og_description":"Das begehrte Juwel des Avista Grande Phuket Karon, die Avista Suite, bietet 105 Quadratmeter pure Exzellenz. Tats\u00e4chlich \u00fcbertrifft das anspruchsvolle Design, die Anordnung, Annehmlichkeiten, Dekoration und \u00dcberlegungen der Avista Suite jededeluxe suite in Phuket. Modern, elegant, opulent und pr\u00e4chtig \u2013 diese Suite bietet eine einzigartige Gelegenheit f\u00fcr einen zufriedenstellenden, erf\u00fcllenden und unvergesslichen Aufenthalt. Die M\u00f6bel [&hellip;]","og_url":"https:\/\/www.avistagrandephuketresort.com\/de\/rooms-suites-karon-beach-hotel\/avista-sea-view-2-bedroom-suite\/","og_site_name":"Avista Grande Phuket Karon - Mgallery","article_modified_time":"2023-09-13T07:30:59+00:00","twitter_card":"summary_large_image","twitter_misc":{"Gesch\u00e4tzte Lesezeit":"1 Minute"},"schema":{"@context":"https:\/\/schema.org","@graph":[{"@type":"WebPage","@id":"https:\/\/www.avistagrandephuketresort.com\/de\/rooms-suites-karon-beach-hotel\/avista-sea-view-2-bedroom-suite\/","url":"https:\/\/www.avistagrandephuketresort.com\/de\/rooms-suites-karon-beach-hotel\/avista-sea-view-2-bedroom-suite\/","name":"Avista Sea View 2 Bedroom Suite - Avista Grande Phuket Karon - Mgallery","isPartOf":{"@id":"https:\/\/www.avistagrandephuketresort.com\/#website"},"datePublished":"2023-07-25T04:33:57+00:00","dateModified":"2023-09-13T07:30:59+00:00","breadcrumb":{"@id":"https:\/\/www.avistagrandephuketresort.com\/de\/rooms-suites-karon-beach-hotel\/avista-sea-view-2-bedroom-suite\/#breadcrumb"},"inLanguage":"de-DE","potentialAction":[{"@type":"ReadAction","target":["https:\/\/www.avistagrandephuketresort.com\/de\/rooms-suites-karon-beach-hotel\/avista-sea-view-2-bedroom-suite\/"]}]},{"@type":"BreadcrumbList","@id":"https:\/\/www.avistagrandephuketresort.com\/de\/rooms-suites-karon-beach-hotel\/avista-sea-view-2-bedroom-suite\/#breadcrumb","itemListElement":[{"@type":"ListItem","position":1,"name":"Home","item":"https:\/\/www.avistagrandephuketresort.com\/de\/"},{"@type":"ListItem","position":2,"name":"Zimmer &#038; Suiten","item":"https:\/\/www.avistagrandephuketresort.com\/de\/rooms-suites-karon-beach-hotel\/"},{"@type":"ListItem","position":3,"name":"Avista Sea View 2 Bedroom Suite"}]},{"@type":"WebSite","@id":"https:\/\/www.avistagrandephuketresort.com\/#website","url":"https:\/\/www.avistagrandephuketresort.com\/","name":"Avista Grande Phuket Karon - Mgallery","description":"","potentialAction":[{"@type":"SearchAction","target":{"@type":"EntryPoint","urlTemplate":"https:\/\/www.avistagrandephuketresort.com\/?s={search_term_string}"},"query-input":{"@type":"PropertyValueSpecification","valueRequired":true,"valueName":"search_term_string"}}],"inLanguage":"de-DE"}]}},"_links":{"self":[{"href":"https:\/\/www.avistagrandephuketresort.com\/de\/wp-json\/wp\/v2\/pages\/785","targetHints":{"allow":["GET"]}}],"collection":[{"href":"https:\/\/www.avistagrandephuketresort.com\/de\/wp-json\/wp\/v2\/pages"}],"about":[{"href":"https:\/\/www.avistagrandephuketresort.com\/de\/wp-json\/wp\/v2\/types\/page"}],"author":[{"embeddable":true,"href":"https:\/\/www.avistagrandephuketresort.com\/de\/wp-json\/wp\/v2\/users\/55"}],"replies":[{"embeddable":true,"href":"https:\/\/www.avistagrandephuketresort.com\/de\/wp-json\/wp\/v2\/comments?post=785"}],"version-history":[{"count":0,"href":"https:\/\/www.avistagrandephuketresort.com\/de\/wp-json\/wp\/v2\/pages\/785\/revisions"}],"up":[{"embeddable":true,"href":"https:\/\/www.avistagrandephuketresort.com\/de\/wp-json\/wp\/v2\/pages\/760"}],"wp:attachment":[{"href":"https:\/\/www.avistagrandephuketresort.com\/de\/wp-json\/wp\/v2\/media?parent=785"}],"wp:term":[{"taxonomy":"category","embeddable":true,"href":"https:\/\/www.avistagrandephuketresort.com\/de\/wp-json\/wp\/v2\/categories?post=785"}],"curies":[{"name":"wp","href":"https:\/\/api.w.org\/{rel}","templated":true}]}}