{"id":783,"date":"2023-07-25T04:17:49","date_gmt":"2023-07-25T04:17:49","guid":{"rendered":"https:\/\/www.avistagrandephuketresort.com\/?page_id=783"},"modified":"2023-09-13T07:25:54","modified_gmt":"2023-09-13T07:25:54","slug":"deluxe-sea-view-whirlpool-bath-suite","status":"publish","type":"page","link":"https:\/\/www.avistagrandephuketresort.com\/de\/rooms-suites-karon-beach-hotel\/deluxe-sea-view-whirlpool-bath-suite\/","title":{"rendered":"DELUXE-SUITE MIT MEERBLICK UND WHIRLPOOL"},"content":{"rendered":"<p style=\"text-align: center\">Mit \u00fcber 65 Quadratmetern purer Eleganz bietet die Deluxe Suite mit Whirlpool-Bad und Meerblick im  <a href=\"https:\/\/www.avistagrandephuketresort.com\/de\/\">Avista Grande Phuket Karon<\/a>das Beste an modernen Annehmlichkeiten und zeitlosem Komfort. Ihr privater Balkon l\u00e4dt Sie ein, sich in den magischen Anblicken und D\u00fcften zu verw\u00f6hnen. Beobachten Sie eine Welt \u00fcppiger, tropischer Vegetation, die das Resort in eine beruhigende Aura exotischer Ruhe h\u00fcllt. Mit einem unvergleichlichen Erlebnis von Entspannung, Luxus und Erfrischung ist der Whirlpool garantiert, jeglichen Stress abzubauen und eine Welle positiver Energie zu bieten. Nach einem langen und erf\u00fcllten Tag l\u00e4dt Sie das Kingsize-Bett in eine Oase des Komforts f\u00fcr einen s\u00fc\u00dfen, traumgef\u00fcllten Schlaf ein. Erleben Sie eine unvergessliche und unvergleichliche Erfahrung in Sachen Entspannung und Erneuerung. Tats\u00e4chlich ist die Jacuzzi Suite die ideale Wahl f\u00fcr Reisende, die in den<a href=\"https:\/\/www.avistagrandephuketresort.com\/de\/rooms-suites-karon-beach-hotel\/\">Zimmern und Suiten<\/a>in Phuket nach einem zus\u00e4tzlichen Ma\u00df an Qualit\u00e4t und F\u00fcrsorge suchen<\/p>\n<p>&nbsp;<\/p>\n<p style=\"text-align: center\">Profitieren Sie von der besten garantierten Rate durch direkte Buchung! Genie\u00dfen Sie zus\u00e4tzlich 10 % Rabatt auf Ihren Aufenthalt als <a href=\"https:\/\/secure.accor.com\/lien_externe.svlt?goto=self-enroll&amp;contextparam=A224\">Mitglied von Accor ALL<\/a>.<\/p>\n","protected":false},"excerpt":{"rendered":"<p>Mit \u00fcber 65 Quadratmetern purer Eleganz bietet die Deluxe Suite mit Whirlpool-Bad und Meerblick im Avista Grande Phuket Karondas Beste an modernen Annehmlichkeiten und zeitlosem Komfort. Ihr privater Balkon l\u00e4dt Sie ein, sich in den magischen Anblicken und D\u00fcften zu verw\u00f6hnen. Beobachten Sie eine Welt \u00fcppiger, tropischer Vegetation, die das Resort in eine beruhigende Aura [&hellip;]<\/p>\n","protected":false},"author":55,"featured_media":0,"parent":760,"menu_order":9,"comment_status":"closed","ping_status":"closed","template":"template-room.php","meta":{"footnotes":""},"categories":[51],"class_list":["post-783","page","type-page","status-publish","hentry","category-suiten"],"acf":[],"yoast_head":"<!-- This site is optimized with the Yoast SEO plugin v26.9 - https:\/\/yoast.com\/product\/yoast-seo-wordpress\/ -->\n<title>DELUXE-SUITE MIT MEERBLICK UND WHIRLPOOL - Avista Grande Phuket Karon - Mgallery<\/title>\n<meta name=\"robots\" content=\"index, follow, max-snippet:-1, max-image-preview:large, max-video-preview:-1\" \/>\n<link rel=\"canonical\" href=\"https:\/\/www.avistagrandephuketresort.com\/de\/rooms-suites-karon-beach-hotel\/deluxe-sea-view-whirlpool-bath-suite\/\" \/>\n<meta property=\"og:locale\" content=\"de_DE\" \/>\n<meta property=\"og:type\" content=\"article\" \/>\n<meta property=\"og:title\" content=\"DELUXE-SUITE MIT MEERBLICK UND WHIRLPOOL - Avista Grande Phuket Karon - Mgallery\" \/>\n<meta property=\"og:description\" content=\"Mit \u00fcber 65 Quadratmetern purer Eleganz bietet die Deluxe Suite mit Whirlpool-Bad und Meerblick im Avista Grande Phuket Karondas Beste an modernen Annehmlichkeiten und zeitlosem Komfort. Ihr privater Balkon l\u00e4dt Sie ein, sich in den magischen Anblicken und D\u00fcften zu verw\u00f6hnen. Beobachten Sie eine Welt \u00fcppiger, tropischer Vegetation, die das Resort in eine beruhigende Aura [&hellip;]\" \/>\n<meta property=\"og:url\" content=\"https:\/\/www.avistagrandephuketresort.com\/de\/rooms-suites-karon-beach-hotel\/deluxe-sea-view-whirlpool-bath-suite\/\" \/>\n<meta property=\"og:site_name\" content=\"Avista Grande Phuket Karon - Mgallery\" \/>\n<meta property=\"article:modified_time\" content=\"2023-09-13T07:25:54+00:00\" \/>\n<meta name=\"twitter:card\" content=\"summary_large_image\" \/>\n<meta name=\"twitter:label1\" content=\"Gesch\u00e4tzte Lesezeit\" \/>\n\t<meta name=\"twitter:data1\" content=\"1 Minute\" \/>\n<script type=\"application\/ld+json\" class=\"yoast-schema-graph\">{\"@context\":\"https:\/\/schema.org\",\"@graph\":[{\"@type\":\"WebPage\",\"@id\":\"https:\/\/www.avistagrandephuketresort.com\/de\/rooms-suites-karon-beach-hotel\/deluxe-sea-view-whirlpool-bath-suite\/\",\"url\":\"https:\/\/www.avistagrandephuketresort.com\/de\/rooms-suites-karon-beach-hotel\/deluxe-sea-view-whirlpool-bath-suite\/\",\"name\":\"DELUXE-SUITE MIT MEERBLICK UND WHIRLPOOL - Avista Grande Phuket Karon - Mgallery\",\"isPartOf\":{\"@id\":\"https:\/\/www.avistagrandephuketresort.com\/#website\"},\"datePublished\":\"2023-07-25T04:17:49+00:00\",\"dateModified\":\"2023-09-13T07:25:54+00:00\",\"breadcrumb\":{\"@id\":\"https:\/\/www.avistagrandephuketresort.com\/de\/rooms-suites-karon-beach-hotel\/deluxe-sea-view-whirlpool-bath-suite\/#breadcrumb\"},\"inLanguage\":\"de-DE\",\"potentialAction\":[{\"@type\":\"ReadAction\",\"target\":[\"https:\/\/www.avistagrandephuketresort.com\/de\/rooms-suites-karon-beach-hotel\/deluxe-sea-view-whirlpool-bath-suite\/\"]}]},{\"@type\":\"BreadcrumbList\",\"@id\":\"https:\/\/www.avistagrandephuketresort.com\/de\/rooms-suites-karon-beach-hotel\/deluxe-sea-view-whirlpool-bath-suite\/#breadcrumb\",\"itemListElement\":[{\"@type\":\"ListItem\",\"position\":1,\"name\":\"Home\",\"item\":\"https:\/\/www.avistagrandephuketresort.com\/de\/\"},{\"@type\":\"ListItem\",\"position\":2,\"name\":\"Zimmer &#038; Suiten\",\"item\":\"https:\/\/www.avistagrandephuketresort.com\/de\/rooms-suites-karon-beach-hotel\/\"},{\"@type\":\"ListItem\",\"position\":3,\"name\":\"DELUXE-SUITE MIT MEERBLICK UND WHIRLPOOL\"}]},{\"@type\":\"WebSite\",\"@id\":\"https:\/\/www.avistagrandephuketresort.com\/#website\",\"url\":\"https:\/\/www.avistagrandephuketresort.com\/\",\"name\":\"Avista Grande Phuket Karon - Mgallery\",\"description\":\"\",\"potentialAction\":[{\"@type\":\"SearchAction\",\"target\":{\"@type\":\"EntryPoint\",\"urlTemplate\":\"https:\/\/www.avistagrandephuketresort.com\/?s={search_term_string}\"},\"query-input\":{\"@type\":\"PropertyValueSpecification\",\"valueRequired\":true,\"valueName\":\"search_term_string\"}}],\"inLanguage\":\"de-DE\"}]}<\/script>\n<!-- \/ Yoast SEO plugin. -->","yoast_head_json":{"title":"DELUXE-SUITE MIT MEERBLICK UND WHIRLPOOL - Avista Grande Phuket Karon - Mgallery","robots":{"index":"index","follow":"follow","max-snippet":"max-snippet:-1","max-image-preview":"max-image-preview:large","max-video-preview":"max-video-preview:-1"},"canonical":"https:\/\/www.avistagrandephuketresort.com\/de\/rooms-suites-karon-beach-hotel\/deluxe-sea-view-whirlpool-bath-suite\/","og_locale":"de_DE","og_type":"article","og_title":"DELUXE-SUITE MIT MEERBLICK UND WHIRLPOOL - Avista Grande Phuket Karon - Mgallery","og_description":"Mit \u00fcber 65 Quadratmetern purer Eleganz bietet die Deluxe Suite mit Whirlpool-Bad und Meerblick im Avista Grande Phuket Karondas Beste an modernen Annehmlichkeiten und zeitlosem Komfort. Ihr privater Balkon l\u00e4dt Sie ein, sich in den magischen Anblicken und D\u00fcften zu verw\u00f6hnen. Beobachten Sie eine Welt \u00fcppiger, tropischer Vegetation, die das Resort in eine beruhigende Aura [&hellip;]","og_url":"https:\/\/www.avistagrandephuketresort.com\/de\/rooms-suites-karon-beach-hotel\/deluxe-sea-view-whirlpool-bath-suite\/","og_site_name":"Avista Grande Phuket Karon - Mgallery","article_modified_time":"2023-09-13T07:25:54+00:00","twitter_card":"summary_large_image","twitter_misc":{"Gesch\u00e4tzte Lesezeit":"1 Minute"},"schema":{"@context":"https:\/\/schema.org","@graph":[{"@type":"WebPage","@id":"https:\/\/www.avistagrandephuketresort.com\/de\/rooms-suites-karon-beach-hotel\/deluxe-sea-view-whirlpool-bath-suite\/","url":"https:\/\/www.avistagrandephuketresort.com\/de\/rooms-suites-karon-beach-hotel\/deluxe-sea-view-whirlpool-bath-suite\/","name":"DELUXE-SUITE MIT MEERBLICK UND WHIRLPOOL - Avista Grande Phuket Karon - Mgallery","isPartOf":{"@id":"https:\/\/www.avistagrandephuketresort.com\/#website"},"datePublished":"2023-07-25T04:17:49+00:00","dateModified":"2023-09-13T07:25:54+00:00","breadcrumb":{"@id":"https:\/\/www.avistagrandephuketresort.com\/de\/rooms-suites-karon-beach-hotel\/deluxe-sea-view-whirlpool-bath-suite\/#breadcrumb"},"inLanguage":"de-DE","potentialAction":[{"@type":"ReadAction","target":["https:\/\/www.avistagrandephuketresort.com\/de\/rooms-suites-karon-beach-hotel\/deluxe-sea-view-whirlpool-bath-suite\/"]}]},{"@type":"BreadcrumbList","@id":"https:\/\/www.avistagrandephuketresort.com\/de\/rooms-suites-karon-beach-hotel\/deluxe-sea-view-whirlpool-bath-suite\/#breadcrumb","itemListElement":[{"@type":"ListItem","position":1,"name":"Home","item":"https:\/\/www.avistagrandephuketresort.com\/de\/"},{"@type":"ListItem","position":2,"name":"Zimmer &#038; Suiten","item":"https:\/\/www.avistagrandephuketresort.com\/de\/rooms-suites-karon-beach-hotel\/"},{"@type":"ListItem","position":3,"name":"DELUXE-SUITE MIT MEERBLICK UND WHIRLPOOL"}]},{"@type":"WebSite","@id":"https:\/\/www.avistagrandephuketresort.com\/#website","url":"https:\/\/www.avistagrandephuketresort.com\/","name":"Avista Grande Phuket Karon - Mgallery","description":"","potentialAction":[{"@type":"SearchAction","target":{"@type":"EntryPoint","urlTemplate":"https:\/\/www.avistagrandephuketresort.com\/?s={search_term_string}"},"query-input":{"@type":"PropertyValueSpecification","valueRequired":true,"valueName":"search_term_string"}}],"inLanguage":"de-DE"}]}},"_links":{"self":[{"href":"https:\/\/www.avistagrandephuketresort.com\/de\/wp-json\/wp\/v2\/pages\/783","targetHints":{"allow":["GET"]}}],"collection":[{"href":"https:\/\/www.avistagrandephuketresort.com\/de\/wp-json\/wp\/v2\/pages"}],"about":[{"href":"https:\/\/www.avistagrandephuketresort.com\/de\/wp-json\/wp\/v2\/types\/page"}],"author":[{"embeddable":true,"href":"https:\/\/www.avistagrandephuketresort.com\/de\/wp-json\/wp\/v2\/users\/55"}],"replies":[{"embeddable":true,"href":"https:\/\/www.avistagrandephuketresort.com\/de\/wp-json\/wp\/v2\/comments?post=783"}],"version-history":[{"count":0,"href":"https:\/\/www.avistagrandephuketresort.com\/de\/wp-json\/wp\/v2\/pages\/783\/revisions"}],"up":[{"embeddable":true,"href":"https:\/\/www.avistagrandephuketresort.com\/de\/wp-json\/wp\/v2\/pages\/760"}],"wp:attachment":[{"href":"https:\/\/www.avistagrandephuketresort.com\/de\/wp-json\/wp\/v2\/media?parent=783"}],"wp:term":[{"taxonomy":"category","embeddable":true,"href":"https:\/\/www.avistagrandephuketresort.com\/de\/wp-json\/wp\/v2\/categories?post=783"}],"curies":[{"name":"wp","href":"https:\/\/api.w.org\/{rel}","templated":true}]}}