{"id":775,"date":"2023-07-25T03:51:07","date_gmt":"2023-07-25T03:51:07","guid":{"rendered":"https:\/\/www.avistagrandephuketresort.com\/?page_id=775"},"modified":"2023-09-13T06:09:33","modified_gmt":"2023-09-13T06:09:33","slug":"deluxe-suite-pool-access-garden-view","status":"publish","type":"page","link":"https:\/\/www.avistagrandephuketresort.com\/de\/rooms-suites-karon-beach-hotel\/deluxe-suite-pool-access-garden-view\/","title":{"rendered":"DELUXE-SUITE MIT GARTENBLICK UND ZUGANG ZUM POOL"},"content":{"rendered":"<p>Die Deluxe Suite mit Poolzugang, Gartenblick und 1 Kingsize-Bett im <a href=\"https:\/\/www.avistagrandephuketresort.com\/de\/\">Hotel in Phuket<\/a>bietet das Beste aller Zimmer mit Poolzugang in Phuket. Die Wasser des exklusiven Pools laden Sie zu einem erfrischenden Schwimmen nur wenige Schritte von Ihrer\u00a0<a href=\"https:\/\/www.avistagrandephuketresort.com\/de\/rooms-suites-karon-beach-hotel\/avista-sea-view-2-bedroom-suite\/\" target=\"_blank\" rel=\"noopener noreferrer\">luxuri\u00f6sen Suite<\/a>.entfernt ein. Genie\u00dfen Sie unvergleichliche Privatsph\u00e4re und Ruhe auf der extra ger\u00e4umigen und komfortablen Sonnenliege auf Ihrer Terrasse. Entspannen Sie sich am sanften, pl\u00e4tschernden Wasser des Pools und lassen Sie Geist und Seele zur Ruhe kommen. Die Deluxe Suite mit Poolzugang Gartenblick ist eine wunderbare Option f\u00fcr den Pool-Enthusiasten mit anspruchsvollem und anspruchsvollem Geschmack.<\/p>\n<p>&nbsp;<\/p>\n<p style=\"text-align: center\">Profitieren Sie von der besten garantierten Rate durch direkte Buchung! Genie\u00dfen Sie zus\u00e4tzlich 10 % Rabatt auf Ihren Aufenthalt als <a href=\"https:\/\/secure.accor.com\/lien_externe.svlt?goto=self-enroll&amp;contextparam=A224\">Mitglied von Accor ALL<\/a>.<\/p>\n<p>&nbsp;<\/p>\n","protected":false},"excerpt":{"rendered":"<p>Die Deluxe Suite mit Poolzugang, Gartenblick und 1 Kingsize-Bett im Hotel in Phuketbietet das Beste aller Zimmer mit Poolzugang in Phuket. Die Wasser des exklusiven Pools laden Sie zu einem erfrischenden Schwimmen nur wenige Schritte von Ihrer\u00a0luxuri\u00f6sen Suite.entfernt ein. Genie\u00dfen Sie unvergleichliche Privatsph\u00e4re und Ruhe auf der extra ger\u00e4umigen und komfortablen Sonnenliege auf Ihrer Terrasse. [&hellip;]<\/p>\n","protected":false},"author":55,"featured_media":0,"parent":760,"menu_order":6,"comment_status":"closed","ping_status":"closed","template":"template-room.php","meta":{"footnotes":""},"categories":[51],"class_list":["post-775","page","type-page","status-publish","hentry","category-suiten"],"acf":[],"yoast_head":"<!-- This site is optimized with the Yoast SEO plugin v26.9 - https:\/\/yoast.com\/product\/yoast-seo-wordpress\/ -->\n<title>DELUXE-SUITE MIT GARTENBLICK UND ZUGANG ZUM POOL - Avista Grande Phuket Karon - Mgallery<\/title>\n<meta name=\"robots\" content=\"index, follow, max-snippet:-1, max-image-preview:large, max-video-preview:-1\" \/>\n<link rel=\"canonical\" href=\"https:\/\/www.avistagrandephuketresort.com\/de\/rooms-suites-karon-beach-hotel\/deluxe-suite-pool-access-garden-view\/\" \/>\n<meta property=\"og:locale\" content=\"de_DE\" \/>\n<meta property=\"og:type\" content=\"article\" \/>\n<meta property=\"og:title\" content=\"DELUXE-SUITE MIT GARTENBLICK UND ZUGANG ZUM POOL - Avista Grande Phuket Karon - Mgallery\" \/>\n<meta property=\"og:description\" content=\"Die Deluxe Suite mit Poolzugang, Gartenblick und 1 Kingsize-Bett im Hotel in Phuketbietet das Beste aller Zimmer mit Poolzugang in Phuket. Die Wasser des exklusiven Pools laden Sie zu einem erfrischenden Schwimmen nur wenige Schritte von Ihrer\u00a0luxuri\u00f6sen Suite.entfernt ein. Genie\u00dfen Sie unvergleichliche Privatsph\u00e4re und Ruhe auf der extra ger\u00e4umigen und komfortablen Sonnenliege auf Ihrer Terrasse. [&hellip;]\" \/>\n<meta property=\"og:url\" content=\"https:\/\/www.avistagrandephuketresort.com\/de\/rooms-suites-karon-beach-hotel\/deluxe-suite-pool-access-garden-view\/\" \/>\n<meta property=\"og:site_name\" content=\"Avista Grande Phuket Karon - Mgallery\" \/>\n<meta property=\"article:modified_time\" content=\"2023-09-13T06:09:33+00:00\" \/>\n<meta name=\"twitter:card\" content=\"summary_large_image\" \/>\n<meta name=\"twitter:label1\" content=\"Gesch\u00e4tzte Lesezeit\" \/>\n\t<meta name=\"twitter:data1\" content=\"1 Minute\" \/>\n<script type=\"application\/ld+json\" class=\"yoast-schema-graph\">{\"@context\":\"https:\/\/schema.org\",\"@graph\":[{\"@type\":\"WebPage\",\"@id\":\"https:\/\/www.avistagrandephuketresort.com\/de\/rooms-suites-karon-beach-hotel\/deluxe-suite-pool-access-garden-view\/\",\"url\":\"https:\/\/www.avistagrandephuketresort.com\/de\/rooms-suites-karon-beach-hotel\/deluxe-suite-pool-access-garden-view\/\",\"name\":\"DELUXE-SUITE MIT GARTENBLICK UND ZUGANG ZUM POOL - Avista Grande Phuket Karon - Mgallery\",\"isPartOf\":{\"@id\":\"https:\/\/www.avistagrandephuketresort.com\/#website\"},\"datePublished\":\"2023-07-25T03:51:07+00:00\",\"dateModified\":\"2023-09-13T06:09:33+00:00\",\"breadcrumb\":{\"@id\":\"https:\/\/www.avistagrandephuketresort.com\/de\/rooms-suites-karon-beach-hotel\/deluxe-suite-pool-access-garden-view\/#breadcrumb\"},\"inLanguage\":\"de-DE\",\"potentialAction\":[{\"@type\":\"ReadAction\",\"target\":[\"https:\/\/www.avistagrandephuketresort.com\/de\/rooms-suites-karon-beach-hotel\/deluxe-suite-pool-access-garden-view\/\"]}]},{\"@type\":\"BreadcrumbList\",\"@id\":\"https:\/\/www.avistagrandephuketresort.com\/de\/rooms-suites-karon-beach-hotel\/deluxe-suite-pool-access-garden-view\/#breadcrumb\",\"itemListElement\":[{\"@type\":\"ListItem\",\"position\":1,\"name\":\"Home\",\"item\":\"https:\/\/www.avistagrandephuketresort.com\/de\/\"},{\"@type\":\"ListItem\",\"position\":2,\"name\":\"Zimmer &#038; Suiten\",\"item\":\"https:\/\/www.avistagrandephuketresort.com\/de\/rooms-suites-karon-beach-hotel\/\"},{\"@type\":\"ListItem\",\"position\":3,\"name\":\"DELUXE-SUITE MIT GARTENBLICK UND ZUGANG ZUM POOL\"}]},{\"@type\":\"WebSite\",\"@id\":\"https:\/\/www.avistagrandephuketresort.com\/#website\",\"url\":\"https:\/\/www.avistagrandephuketresort.com\/\",\"name\":\"Avista Grande Phuket Karon - Mgallery\",\"description\":\"\",\"potentialAction\":[{\"@type\":\"SearchAction\",\"target\":{\"@type\":\"EntryPoint\",\"urlTemplate\":\"https:\/\/www.avistagrandephuketresort.com\/?s={search_term_string}\"},\"query-input\":{\"@type\":\"PropertyValueSpecification\",\"valueRequired\":true,\"valueName\":\"search_term_string\"}}],\"inLanguage\":\"de-DE\"}]}<\/script>\n<!-- \/ Yoast SEO plugin. -->","yoast_head_json":{"title":"DELUXE-SUITE MIT GARTENBLICK UND ZUGANG ZUM POOL - Avista Grande Phuket Karon - Mgallery","robots":{"index":"index","follow":"follow","max-snippet":"max-snippet:-1","max-image-preview":"max-image-preview:large","max-video-preview":"max-video-preview:-1"},"canonical":"https:\/\/www.avistagrandephuketresort.com\/de\/rooms-suites-karon-beach-hotel\/deluxe-suite-pool-access-garden-view\/","og_locale":"de_DE","og_type":"article","og_title":"DELUXE-SUITE MIT GARTENBLICK UND ZUGANG ZUM POOL - Avista Grande Phuket Karon - Mgallery","og_description":"Die Deluxe Suite mit Poolzugang, Gartenblick und 1 Kingsize-Bett im Hotel in Phuketbietet das Beste aller Zimmer mit Poolzugang in Phuket. Die Wasser des exklusiven Pools laden Sie zu einem erfrischenden Schwimmen nur wenige Schritte von Ihrer\u00a0luxuri\u00f6sen Suite.entfernt ein. Genie\u00dfen Sie unvergleichliche Privatsph\u00e4re und Ruhe auf der extra ger\u00e4umigen und komfortablen Sonnenliege auf Ihrer Terrasse. [&hellip;]","og_url":"https:\/\/www.avistagrandephuketresort.com\/de\/rooms-suites-karon-beach-hotel\/deluxe-suite-pool-access-garden-view\/","og_site_name":"Avista Grande Phuket Karon - Mgallery","article_modified_time":"2023-09-13T06:09:33+00:00","twitter_card":"summary_large_image","twitter_misc":{"Gesch\u00e4tzte Lesezeit":"1 Minute"},"schema":{"@context":"https:\/\/schema.org","@graph":[{"@type":"WebPage","@id":"https:\/\/www.avistagrandephuketresort.com\/de\/rooms-suites-karon-beach-hotel\/deluxe-suite-pool-access-garden-view\/","url":"https:\/\/www.avistagrandephuketresort.com\/de\/rooms-suites-karon-beach-hotel\/deluxe-suite-pool-access-garden-view\/","name":"DELUXE-SUITE MIT GARTENBLICK UND ZUGANG ZUM POOL - Avista Grande Phuket Karon - Mgallery","isPartOf":{"@id":"https:\/\/www.avistagrandephuketresort.com\/#website"},"datePublished":"2023-07-25T03:51:07+00:00","dateModified":"2023-09-13T06:09:33+00:00","breadcrumb":{"@id":"https:\/\/www.avistagrandephuketresort.com\/de\/rooms-suites-karon-beach-hotel\/deluxe-suite-pool-access-garden-view\/#breadcrumb"},"inLanguage":"de-DE","potentialAction":[{"@type":"ReadAction","target":["https:\/\/www.avistagrandephuketresort.com\/de\/rooms-suites-karon-beach-hotel\/deluxe-suite-pool-access-garden-view\/"]}]},{"@type":"BreadcrumbList","@id":"https:\/\/www.avistagrandephuketresort.com\/de\/rooms-suites-karon-beach-hotel\/deluxe-suite-pool-access-garden-view\/#breadcrumb","itemListElement":[{"@type":"ListItem","position":1,"name":"Home","item":"https:\/\/www.avistagrandephuketresort.com\/de\/"},{"@type":"ListItem","position":2,"name":"Zimmer &#038; Suiten","item":"https:\/\/www.avistagrandephuketresort.com\/de\/rooms-suites-karon-beach-hotel\/"},{"@type":"ListItem","position":3,"name":"DELUXE-SUITE MIT GARTENBLICK UND ZUGANG ZUM POOL"}]},{"@type":"WebSite","@id":"https:\/\/www.avistagrandephuketresort.com\/#website","url":"https:\/\/www.avistagrandephuketresort.com\/","name":"Avista Grande Phuket Karon - Mgallery","description":"","potentialAction":[{"@type":"SearchAction","target":{"@type":"EntryPoint","urlTemplate":"https:\/\/www.avistagrandephuketresort.com\/?s={search_term_string}"},"query-input":{"@type":"PropertyValueSpecification","valueRequired":true,"valueName":"search_term_string"}}],"inLanguage":"de-DE"}]}},"_links":{"self":[{"href":"https:\/\/www.avistagrandephuketresort.com\/de\/wp-json\/wp\/v2\/pages\/775","targetHints":{"allow":["GET"]}}],"collection":[{"href":"https:\/\/www.avistagrandephuketresort.com\/de\/wp-json\/wp\/v2\/pages"}],"about":[{"href":"https:\/\/www.avistagrandephuketresort.com\/de\/wp-json\/wp\/v2\/types\/page"}],"author":[{"embeddable":true,"href":"https:\/\/www.avistagrandephuketresort.com\/de\/wp-json\/wp\/v2\/users\/55"}],"replies":[{"embeddable":true,"href":"https:\/\/www.avistagrandephuketresort.com\/de\/wp-json\/wp\/v2\/comments?post=775"}],"version-history":[{"count":0,"href":"https:\/\/www.avistagrandephuketresort.com\/de\/wp-json\/wp\/v2\/pages\/775\/revisions"}],"up":[{"embeddable":true,"href":"https:\/\/www.avistagrandephuketresort.com\/de\/wp-json\/wp\/v2\/pages\/760"}],"wp:attachment":[{"href":"https:\/\/www.avistagrandephuketresort.com\/de\/wp-json\/wp\/v2\/media?parent=775"}],"wp:term":[{"taxonomy":"category","embeddable":true,"href":"https:\/\/www.avistagrandephuketresort.com\/de\/wp-json\/wp\/v2\/categories?post=775"}],"curies":[{"name":"wp","href":"https:\/\/api.w.org\/{rel}","templated":true}]}}