{"id":773,"date":"2023-07-25T03:45:40","date_gmt":"2023-07-25T03:45:40","guid":{"rendered":"https:\/\/www.avistagrandephuketresort.com\/?page_id=773"},"modified":"2023-09-13T06:04:56","modified_gmt":"2023-09-13T06:04:56","slug":"premier-family-room-sea-view","status":"publish","type":"page","link":"https:\/\/www.avistagrandephuketresort.com\/de\/rooms-suites-karon-beach-hotel\/premier-family-room-sea-view\/","title":{"rendered":"PREMIER FAMILIENZIMMER MIT MEERBLICK"},"content":{"rendered":"<p>Ideal f\u00fcr Familie oder Freunde mit eleganten sino-portugiesischen Details, einem ger\u00e4umigen Waschraum und au\u00dfergew\u00f6hnlichem Blick \u00fcber das Andamanische Meer vom m\u00f6blierten Balkon. Das Premier Family Room Sea View im  <a href=\"https:\/\/www.avistagrandephuketresort.com\/de\/\">Avista Grande Phuket Karon\u2019s<\/a> bietet 1 Kingsize-Bett und 1 Queensize-Bett. Das Design und die Dekoration kombinieren chinesische Elemente mit eleganten europ\u00e4ischen M\u00f6beln. Tats\u00e4chlich vermitteln die <a href=\"https:\/\/www.avistagrandephuketresort.com\/de\/rooms-suites-karon-beach-hotel\/\">Zimmer und Suiten<\/a>ein einzigartiges Gef\u00fchl von Freizeit, Komfort und Klasse. Waschen Sie die Sorgen des Tages in der Regendusche ab oder baden Sie im Luxus der freistehenden Badewanne. Dar\u00fcber hinaus kunstvoll angelegt und geschmackvoll gestaltet f\u00fcr h\u00f6chsten Komfort und Klasse, die hervorragende Qualit\u00e4t dieses Zimmers darf nicht verpasst werden.<\/p>\n<p>&nbsp;<\/p>\n<p style=\"text-align: center\">Profitieren Sie von der besten garantierten Rate durch direkte Buchung! Genie\u00dfen Sie zus\u00e4tzlich 10 % Rabatt auf Ihren Aufenthalt als  <a href=\"https:\/\/secure.accor.com\/lien_externe.svlt?goto=self-enroll&amp;contextparam=A224\">Mitglied von Accor ALL<\/a>.<\/p>\n","protected":false},"excerpt":{"rendered":"<p>Ideal f\u00fcr Familie oder Freunde mit eleganten sino-portugiesischen Details, einem ger\u00e4umigen Waschraum und au\u00dfergew\u00f6hnlichem Blick \u00fcber das Andamanische Meer vom m\u00f6blierten Balkon. Das Premier Family Room Sea View im Avista Grande Phuket Karon\u2019s bietet 1 Kingsize-Bett und 1 Queensize-Bett. Das Design und die Dekoration kombinieren chinesische Elemente mit eleganten europ\u00e4ischen M\u00f6beln. Tats\u00e4chlich vermitteln die Zimmer [&hellip;]<\/p>\n","protected":false},"author":55,"featured_media":0,"parent":760,"menu_order":5,"comment_status":"closed","ping_status":"closed","template":"template-room.php","meta":{"footnotes":""},"categories":[52,50],"class_list":["post-773","page","type-page","status-publish","hentry","category-rooms-de","category-zimmer"],"acf":[],"yoast_head":"<!-- This site is optimized with the Yoast SEO plugin v26.9 - https:\/\/yoast.com\/product\/yoast-seo-wordpress\/ -->\n<title>PREMIER FAMILIENZIMMER MIT MEERBLICK - Avista Grande Phuket Karon - Mgallery<\/title>\n<meta name=\"robots\" content=\"index, follow, max-snippet:-1, max-image-preview:large, max-video-preview:-1\" \/>\n<link rel=\"canonical\" href=\"https:\/\/www.avistagrandephuketresort.com\/de\/rooms-suites-karon-beach-hotel\/premier-family-room-sea-view\/\" \/>\n<meta property=\"og:locale\" content=\"de_DE\" \/>\n<meta property=\"og:type\" content=\"article\" \/>\n<meta property=\"og:title\" content=\"PREMIER FAMILIENZIMMER MIT MEERBLICK - Avista Grande Phuket Karon - Mgallery\" \/>\n<meta property=\"og:description\" content=\"Ideal f\u00fcr Familie oder Freunde mit eleganten sino-portugiesischen Details, einem ger\u00e4umigen Waschraum und au\u00dfergew\u00f6hnlichem Blick \u00fcber das Andamanische Meer vom m\u00f6blierten Balkon. Das Premier Family Room Sea View im Avista Grande Phuket Karon\u2019s bietet 1 Kingsize-Bett und 1 Queensize-Bett. Das Design und die Dekoration kombinieren chinesische Elemente mit eleganten europ\u00e4ischen M\u00f6beln. Tats\u00e4chlich vermitteln die Zimmer [&hellip;]\" \/>\n<meta property=\"og:url\" content=\"https:\/\/www.avistagrandephuketresort.com\/de\/rooms-suites-karon-beach-hotel\/premier-family-room-sea-view\/\" \/>\n<meta property=\"og:site_name\" content=\"Avista Grande Phuket Karon - Mgallery\" \/>\n<meta property=\"article:modified_time\" content=\"2023-09-13T06:04:56+00:00\" \/>\n<meta name=\"twitter:card\" content=\"summary_large_image\" \/>\n<meta name=\"twitter:label1\" content=\"Gesch\u00e4tzte Lesezeit\" \/>\n\t<meta name=\"twitter:data1\" content=\"1 Minute\" \/>\n<script type=\"application\/ld+json\" class=\"yoast-schema-graph\">{\"@context\":\"https:\/\/schema.org\",\"@graph\":[{\"@type\":\"WebPage\",\"@id\":\"https:\/\/www.avistagrandephuketresort.com\/de\/rooms-suites-karon-beach-hotel\/premier-family-room-sea-view\/\",\"url\":\"https:\/\/www.avistagrandephuketresort.com\/de\/rooms-suites-karon-beach-hotel\/premier-family-room-sea-view\/\",\"name\":\"PREMIER FAMILIENZIMMER MIT MEERBLICK - Avista Grande Phuket Karon - Mgallery\",\"isPartOf\":{\"@id\":\"https:\/\/www.avistagrandephuketresort.com\/#website\"},\"datePublished\":\"2023-07-25T03:45:40+00:00\",\"dateModified\":\"2023-09-13T06:04:56+00:00\",\"breadcrumb\":{\"@id\":\"https:\/\/www.avistagrandephuketresort.com\/de\/rooms-suites-karon-beach-hotel\/premier-family-room-sea-view\/#breadcrumb\"},\"inLanguage\":\"de-DE\",\"potentialAction\":[{\"@type\":\"ReadAction\",\"target\":[\"https:\/\/www.avistagrandephuketresort.com\/de\/rooms-suites-karon-beach-hotel\/premier-family-room-sea-view\/\"]}]},{\"@type\":\"BreadcrumbList\",\"@id\":\"https:\/\/www.avistagrandephuketresort.com\/de\/rooms-suites-karon-beach-hotel\/premier-family-room-sea-view\/#breadcrumb\",\"itemListElement\":[{\"@type\":\"ListItem\",\"position\":1,\"name\":\"Home\",\"item\":\"https:\/\/www.avistagrandephuketresort.com\/de\/\"},{\"@type\":\"ListItem\",\"position\":2,\"name\":\"Zimmer &#038; Suiten\",\"item\":\"https:\/\/www.avistagrandephuketresort.com\/de\/rooms-suites-karon-beach-hotel\/\"},{\"@type\":\"ListItem\",\"position\":3,\"name\":\"PREMIER FAMILIENZIMMER MIT MEERBLICK\"}]},{\"@type\":\"WebSite\",\"@id\":\"https:\/\/www.avistagrandephuketresort.com\/#website\",\"url\":\"https:\/\/www.avistagrandephuketresort.com\/\",\"name\":\"Avista Grande Phuket Karon - Mgallery\",\"description\":\"\",\"potentialAction\":[{\"@type\":\"SearchAction\",\"target\":{\"@type\":\"EntryPoint\",\"urlTemplate\":\"https:\/\/www.avistagrandephuketresort.com\/?s={search_term_string}\"},\"query-input\":{\"@type\":\"PropertyValueSpecification\",\"valueRequired\":true,\"valueName\":\"search_term_string\"}}],\"inLanguage\":\"de-DE\"}]}<\/script>\n<!-- \/ Yoast SEO plugin. -->","yoast_head_json":{"title":"PREMIER FAMILIENZIMMER MIT MEERBLICK - Avista Grande Phuket Karon - Mgallery","robots":{"index":"index","follow":"follow","max-snippet":"max-snippet:-1","max-image-preview":"max-image-preview:large","max-video-preview":"max-video-preview:-1"},"canonical":"https:\/\/www.avistagrandephuketresort.com\/de\/rooms-suites-karon-beach-hotel\/premier-family-room-sea-view\/","og_locale":"de_DE","og_type":"article","og_title":"PREMIER FAMILIENZIMMER MIT MEERBLICK - Avista Grande Phuket Karon - Mgallery","og_description":"Ideal f\u00fcr Familie oder Freunde mit eleganten sino-portugiesischen Details, einem ger\u00e4umigen Waschraum und au\u00dfergew\u00f6hnlichem Blick \u00fcber das Andamanische Meer vom m\u00f6blierten Balkon. Das Premier Family Room Sea View im Avista Grande Phuket Karon\u2019s bietet 1 Kingsize-Bett und 1 Queensize-Bett. Das Design und die Dekoration kombinieren chinesische Elemente mit eleganten europ\u00e4ischen M\u00f6beln. Tats\u00e4chlich vermitteln die Zimmer [&hellip;]","og_url":"https:\/\/www.avistagrandephuketresort.com\/de\/rooms-suites-karon-beach-hotel\/premier-family-room-sea-view\/","og_site_name":"Avista Grande Phuket Karon - Mgallery","article_modified_time":"2023-09-13T06:04:56+00:00","twitter_card":"summary_large_image","twitter_misc":{"Gesch\u00e4tzte Lesezeit":"1 Minute"},"schema":{"@context":"https:\/\/schema.org","@graph":[{"@type":"WebPage","@id":"https:\/\/www.avistagrandephuketresort.com\/de\/rooms-suites-karon-beach-hotel\/premier-family-room-sea-view\/","url":"https:\/\/www.avistagrandephuketresort.com\/de\/rooms-suites-karon-beach-hotel\/premier-family-room-sea-view\/","name":"PREMIER FAMILIENZIMMER MIT MEERBLICK - Avista Grande Phuket Karon - Mgallery","isPartOf":{"@id":"https:\/\/www.avistagrandephuketresort.com\/#website"},"datePublished":"2023-07-25T03:45:40+00:00","dateModified":"2023-09-13T06:04:56+00:00","breadcrumb":{"@id":"https:\/\/www.avistagrandephuketresort.com\/de\/rooms-suites-karon-beach-hotel\/premier-family-room-sea-view\/#breadcrumb"},"inLanguage":"de-DE","potentialAction":[{"@type":"ReadAction","target":["https:\/\/www.avistagrandephuketresort.com\/de\/rooms-suites-karon-beach-hotel\/premier-family-room-sea-view\/"]}]},{"@type":"BreadcrumbList","@id":"https:\/\/www.avistagrandephuketresort.com\/de\/rooms-suites-karon-beach-hotel\/premier-family-room-sea-view\/#breadcrumb","itemListElement":[{"@type":"ListItem","position":1,"name":"Home","item":"https:\/\/www.avistagrandephuketresort.com\/de\/"},{"@type":"ListItem","position":2,"name":"Zimmer &#038; Suiten","item":"https:\/\/www.avistagrandephuketresort.com\/de\/rooms-suites-karon-beach-hotel\/"},{"@type":"ListItem","position":3,"name":"PREMIER FAMILIENZIMMER MIT MEERBLICK"}]},{"@type":"WebSite","@id":"https:\/\/www.avistagrandephuketresort.com\/#website","url":"https:\/\/www.avistagrandephuketresort.com\/","name":"Avista Grande Phuket Karon - Mgallery","description":"","potentialAction":[{"@type":"SearchAction","target":{"@type":"EntryPoint","urlTemplate":"https:\/\/www.avistagrandephuketresort.com\/?s={search_term_string}"},"query-input":{"@type":"PropertyValueSpecification","valueRequired":true,"valueName":"search_term_string"}}],"inLanguage":"de-DE"}]}},"_links":{"self":[{"href":"https:\/\/www.avistagrandephuketresort.com\/de\/wp-json\/wp\/v2\/pages\/773","targetHints":{"allow":["GET"]}}],"collection":[{"href":"https:\/\/www.avistagrandephuketresort.com\/de\/wp-json\/wp\/v2\/pages"}],"about":[{"href":"https:\/\/www.avistagrandephuketresort.com\/de\/wp-json\/wp\/v2\/types\/page"}],"author":[{"embeddable":true,"href":"https:\/\/www.avistagrandephuketresort.com\/de\/wp-json\/wp\/v2\/users\/55"}],"replies":[{"embeddable":true,"href":"https:\/\/www.avistagrandephuketresort.com\/de\/wp-json\/wp\/v2\/comments?post=773"}],"version-history":[{"count":0,"href":"https:\/\/www.avistagrandephuketresort.com\/de\/wp-json\/wp\/v2\/pages\/773\/revisions"}],"up":[{"embeddable":true,"href":"https:\/\/www.avistagrandephuketresort.com\/de\/wp-json\/wp\/v2\/pages\/760"}],"wp:attachment":[{"href":"https:\/\/www.avistagrandephuketresort.com\/de\/wp-json\/wp\/v2\/media?parent=773"}],"wp:term":[{"taxonomy":"category","embeddable":true,"href":"https:\/\/www.avistagrandephuketresort.com\/de\/wp-json\/wp\/v2\/categories?post=773"}],"curies":[{"name":"wp","href":"https:\/\/api.w.org\/{rel}","templated":true}]}}