{"id":767,"date":"2023-07-25T02:41:15","date_gmt":"2023-07-25T02:41:15","guid":{"rendered":"https:\/\/www.avistagrandephuketresort.com\/?page_id=767"},"modified":"2023-09-13T03:48:23","modified_gmt":"2023-09-13T03:48:23","slug":"family-room","status":"publish","type":"page","link":"https:\/\/www.avistagrandephuketresort.com\/de\/rooms-suites-karon-beach-hotel\/family-room\/","title":{"rendered":"DELUXE FAMILIENZIMMER MIT BERGBLICK"},"content":{"rendered":"<p style=\"text-align: center;\">Unter den besten <a href=\"https:\/\/www.avistagrandephuketresort.com\/de\/rooms-suites-karon-beach-hotel\/\">Familienunterk\u00fcnften auf Phuket<\/a>bietet unser ger\u00e4umiges Familienzimmer mit 53 qm ausreichend Platz f\u00fcr bis zu vier Personen. Es verf\u00fcgt \u00fcber ein Kingsize-Bett und ein Queensize-Bett. Die gro\u00dfz\u00fcgige m\u00f6blierte Terrasse bietet einen Blick auf die \u00fcppigen Berge, w\u00e4hrend der Wohnbereich mit hellen H\u00f6lzern, europ\u00e4ischen Einfl\u00fcssen und Andeutungen des Erbes von Phuket mit einer dezenten Farbpalette gestaltet ist. Erfrischen Sie sich unter der Regendusche oder genie\u00dfen Sie ein entspannendes Bad in der freistehenden Badewanne. Setzen Sie den Ton f\u00fcr einen harmonischen und unvergesslichen <a href=\"https:\/\/www.avistagrandephuketresort.com\/de\/\">Familienurlaub auf Phuket.<\/a><\/p>\n<p>&nbsp;<\/p>\n<p style=\"text-align: center;\">Profitieren Sie von der besten garantierten Rate durch direkte Buchung! Genie\u00dfen Sie zus\u00e4tzlich 10 % Rabatt auf Ihren Aufenthalt als <a href=\"https:\/\/secure.accor.com\/lien_externe.svlt?goto=self-enroll&amp;contextparam=A224\">Mitglied von Accor ALL<\/a>.<\/p>\n","protected":false},"excerpt":{"rendered":"<p>Unter den besten Familienunterk\u00fcnften auf Phuketbietet unser ger\u00e4umiges Familienzimmer mit 53 qm ausreichend Platz f\u00fcr bis zu vier Personen. Es verf\u00fcgt \u00fcber ein Kingsize-Bett und ein Queensize-Bett. Die gro\u00dfz\u00fcgige m\u00f6blierte Terrasse bietet einen Blick auf die \u00fcppigen Berge, w\u00e4hrend der Wohnbereich mit hellen H\u00f6lzern, europ\u00e4ischen Einfl\u00fcssen und Andeutungen des Erbes von Phuket mit einer dezenten [&hellip;]<\/p>\n","protected":false},"author":55,"featured_media":0,"parent":760,"menu_order":2,"comment_status":"closed","ping_status":"closed","template":"template-room.php","meta":{"footnotes":""},"categories":[52,50],"class_list":["post-767","page","type-page","status-publish","hentry","category-rooms-de","category-zimmer"],"acf":[],"yoast_head":"<!-- This site is optimized with the Yoast SEO plugin v26.9 - https:\/\/yoast.com\/product\/yoast-seo-wordpress\/ -->\n<title>DELUXE FAMILIENZIMMER MIT BERGBLICK - Avista Grande Phuket Karon - Mgallery<\/title>\n<meta name=\"robots\" content=\"index, follow, max-snippet:-1, max-image-preview:large, max-video-preview:-1\" \/>\n<link rel=\"canonical\" href=\"https:\/\/www.avistagrandephuketresort.com\/de\/rooms-suites-karon-beach-hotel\/family-room\/\" \/>\n<meta property=\"og:locale\" content=\"de_DE\" \/>\n<meta property=\"og:type\" content=\"article\" \/>\n<meta property=\"og:title\" content=\"DELUXE FAMILIENZIMMER MIT BERGBLICK - Avista Grande Phuket Karon - Mgallery\" \/>\n<meta property=\"og:description\" content=\"Unter den besten Familienunterk\u00fcnften auf Phuketbietet unser ger\u00e4umiges Familienzimmer mit 53 qm ausreichend Platz f\u00fcr bis zu vier Personen. Es verf\u00fcgt \u00fcber ein Kingsize-Bett und ein Queensize-Bett. Die gro\u00dfz\u00fcgige m\u00f6blierte Terrasse bietet einen Blick auf die \u00fcppigen Berge, w\u00e4hrend der Wohnbereich mit hellen H\u00f6lzern, europ\u00e4ischen Einfl\u00fcssen und Andeutungen des Erbes von Phuket mit einer dezenten [&hellip;]\" \/>\n<meta property=\"og:url\" content=\"https:\/\/www.avistagrandephuketresort.com\/de\/rooms-suites-karon-beach-hotel\/family-room\/\" \/>\n<meta property=\"og:site_name\" content=\"Avista Grande Phuket Karon - Mgallery\" \/>\n<meta property=\"article:modified_time\" content=\"2023-09-13T03:48:23+00:00\" \/>\n<meta name=\"twitter:card\" content=\"summary_large_image\" \/>\n<meta name=\"twitter:label1\" content=\"Gesch\u00e4tzte Lesezeit\" \/>\n\t<meta name=\"twitter:data1\" content=\"1 Minute\" \/>\n<script type=\"application\/ld+json\" class=\"yoast-schema-graph\">{\"@context\":\"https:\/\/schema.org\",\"@graph\":[{\"@type\":\"WebPage\",\"@id\":\"https:\/\/www.avistagrandephuketresort.com\/de\/rooms-suites-karon-beach-hotel\/family-room\/\",\"url\":\"https:\/\/www.avistagrandephuketresort.com\/de\/rooms-suites-karon-beach-hotel\/family-room\/\",\"name\":\"DELUXE FAMILIENZIMMER MIT BERGBLICK - Avista Grande Phuket Karon - Mgallery\",\"isPartOf\":{\"@id\":\"https:\/\/www.avistagrandephuketresort.com\/#website\"},\"datePublished\":\"2023-07-25T02:41:15+00:00\",\"dateModified\":\"2023-09-13T03:48:23+00:00\",\"breadcrumb\":{\"@id\":\"https:\/\/www.avistagrandephuketresort.com\/de\/rooms-suites-karon-beach-hotel\/family-room\/#breadcrumb\"},\"inLanguage\":\"de-DE\",\"potentialAction\":[{\"@type\":\"ReadAction\",\"target\":[\"https:\/\/www.avistagrandephuketresort.com\/de\/rooms-suites-karon-beach-hotel\/family-room\/\"]}]},{\"@type\":\"BreadcrumbList\",\"@id\":\"https:\/\/www.avistagrandephuketresort.com\/de\/rooms-suites-karon-beach-hotel\/family-room\/#breadcrumb\",\"itemListElement\":[{\"@type\":\"ListItem\",\"position\":1,\"name\":\"Home\",\"item\":\"https:\/\/www.avistagrandephuketresort.com\/de\/\"},{\"@type\":\"ListItem\",\"position\":2,\"name\":\"Zimmer &#038; Suiten\",\"item\":\"https:\/\/www.avistagrandephuketresort.com\/de\/rooms-suites-karon-beach-hotel\/\"},{\"@type\":\"ListItem\",\"position\":3,\"name\":\"DELUXE FAMILIENZIMMER MIT BERGBLICK\"}]},{\"@type\":\"WebSite\",\"@id\":\"https:\/\/www.avistagrandephuketresort.com\/#website\",\"url\":\"https:\/\/www.avistagrandephuketresort.com\/\",\"name\":\"Avista Grande Phuket Karon - Mgallery\",\"description\":\"\",\"potentialAction\":[{\"@type\":\"SearchAction\",\"target\":{\"@type\":\"EntryPoint\",\"urlTemplate\":\"https:\/\/www.avistagrandephuketresort.com\/?s={search_term_string}\"},\"query-input\":{\"@type\":\"PropertyValueSpecification\",\"valueRequired\":true,\"valueName\":\"search_term_string\"}}],\"inLanguage\":\"de-DE\"}]}<\/script>\n<!-- \/ Yoast SEO plugin. -->","yoast_head_json":{"title":"DELUXE FAMILIENZIMMER MIT BERGBLICK - Avista Grande Phuket Karon - Mgallery","robots":{"index":"index","follow":"follow","max-snippet":"max-snippet:-1","max-image-preview":"max-image-preview:large","max-video-preview":"max-video-preview:-1"},"canonical":"https:\/\/www.avistagrandephuketresort.com\/de\/rooms-suites-karon-beach-hotel\/family-room\/","og_locale":"de_DE","og_type":"article","og_title":"DELUXE FAMILIENZIMMER MIT BERGBLICK - Avista Grande Phuket Karon - Mgallery","og_description":"Unter den besten Familienunterk\u00fcnften auf Phuketbietet unser ger\u00e4umiges Familienzimmer mit 53 qm ausreichend Platz f\u00fcr bis zu vier Personen. Es verf\u00fcgt \u00fcber ein Kingsize-Bett und ein Queensize-Bett. Die gro\u00dfz\u00fcgige m\u00f6blierte Terrasse bietet einen Blick auf die \u00fcppigen Berge, w\u00e4hrend der Wohnbereich mit hellen H\u00f6lzern, europ\u00e4ischen Einfl\u00fcssen und Andeutungen des Erbes von Phuket mit einer dezenten [&hellip;]","og_url":"https:\/\/www.avistagrandephuketresort.com\/de\/rooms-suites-karon-beach-hotel\/family-room\/","og_site_name":"Avista Grande Phuket Karon - Mgallery","article_modified_time":"2023-09-13T03:48:23+00:00","twitter_card":"summary_large_image","twitter_misc":{"Gesch\u00e4tzte Lesezeit":"1 Minute"},"schema":{"@context":"https:\/\/schema.org","@graph":[{"@type":"WebPage","@id":"https:\/\/www.avistagrandephuketresort.com\/de\/rooms-suites-karon-beach-hotel\/family-room\/","url":"https:\/\/www.avistagrandephuketresort.com\/de\/rooms-suites-karon-beach-hotel\/family-room\/","name":"DELUXE FAMILIENZIMMER MIT BERGBLICK - Avista Grande Phuket Karon - Mgallery","isPartOf":{"@id":"https:\/\/www.avistagrandephuketresort.com\/#website"},"datePublished":"2023-07-25T02:41:15+00:00","dateModified":"2023-09-13T03:48:23+00:00","breadcrumb":{"@id":"https:\/\/www.avistagrandephuketresort.com\/de\/rooms-suites-karon-beach-hotel\/family-room\/#breadcrumb"},"inLanguage":"de-DE","potentialAction":[{"@type":"ReadAction","target":["https:\/\/www.avistagrandephuketresort.com\/de\/rooms-suites-karon-beach-hotel\/family-room\/"]}]},{"@type":"BreadcrumbList","@id":"https:\/\/www.avistagrandephuketresort.com\/de\/rooms-suites-karon-beach-hotel\/family-room\/#breadcrumb","itemListElement":[{"@type":"ListItem","position":1,"name":"Home","item":"https:\/\/www.avistagrandephuketresort.com\/de\/"},{"@type":"ListItem","position":2,"name":"Zimmer &#038; Suiten","item":"https:\/\/www.avistagrandephuketresort.com\/de\/rooms-suites-karon-beach-hotel\/"},{"@type":"ListItem","position":3,"name":"DELUXE FAMILIENZIMMER MIT BERGBLICK"}]},{"@type":"WebSite","@id":"https:\/\/www.avistagrandephuketresort.com\/#website","url":"https:\/\/www.avistagrandephuketresort.com\/","name":"Avista Grande Phuket Karon - Mgallery","description":"","potentialAction":[{"@type":"SearchAction","target":{"@type":"EntryPoint","urlTemplate":"https:\/\/www.avistagrandephuketresort.com\/?s={search_term_string}"},"query-input":{"@type":"PropertyValueSpecification","valueRequired":true,"valueName":"search_term_string"}}],"inLanguage":"de-DE"}]}},"_links":{"self":[{"href":"https:\/\/www.avistagrandephuketresort.com\/de\/wp-json\/wp\/v2\/pages\/767","targetHints":{"allow":["GET"]}}],"collection":[{"href":"https:\/\/www.avistagrandephuketresort.com\/de\/wp-json\/wp\/v2\/pages"}],"about":[{"href":"https:\/\/www.avistagrandephuketresort.com\/de\/wp-json\/wp\/v2\/types\/page"}],"author":[{"embeddable":true,"href":"https:\/\/www.avistagrandephuketresort.com\/de\/wp-json\/wp\/v2\/users\/55"}],"replies":[{"embeddable":true,"href":"https:\/\/www.avistagrandephuketresort.com\/de\/wp-json\/wp\/v2\/comments?post=767"}],"version-history":[{"count":0,"href":"https:\/\/www.avistagrandephuketresort.com\/de\/wp-json\/wp\/v2\/pages\/767\/revisions"}],"up":[{"embeddable":true,"href":"https:\/\/www.avistagrandephuketresort.com\/de\/wp-json\/wp\/v2\/pages\/760"}],"wp:attachment":[{"href":"https:\/\/www.avistagrandephuketresort.com\/de\/wp-json\/wp\/v2\/media?parent=767"}],"wp:term":[{"taxonomy":"category","embeddable":true,"href":"https:\/\/www.avistagrandephuketresort.com\/de\/wp-json\/wp\/v2\/categories?post=767"}],"curies":[{"name":"wp","href":"https:\/\/api.w.org\/{rel}","templated":true}]}}