{"id":765,"date":"2023-07-25T02:23:54","date_gmt":"2023-07-25T02:23:54","guid":{"rendered":"https:\/\/www.avistagrandephuketresort.com\/rooms-suites-karon-beach-hotel\/deluxe-mountain-view-room\/"},"modified":"2023-09-13T09:44:27","modified_gmt":"2023-09-13T09:44:27","slug":"deluxe-mountain-view-room","status":"publish","type":"page","link":"https:\/\/www.avistagrandephuketresort.com\/de\/rooms-suites-karon-beach-hotel\/deluxe-mountain-view-room\/","title":{"rendered":"DELUXE ZIMMER MIT BERGBLICK"},"content":{"rendered":"<p style=\"text-align: center;\">Unsere ger\u00e4umige luxuri\u00f6se Unterkunft in Phuket bietet 53 Quadratmeter Ruhe, Modernit\u00e4t und Klasse mit einem Kingsize-Bett, das mit hochwertiger Bettw\u00e4sche ausgestattet ist, und einer \u00fcberdachten Terrasse mit Blick auf \u00fcppige Berge. Ruhiger Komfort, der traditionellen Stil mit zeitgen\u00f6ssischem Komfort kombiniert, wird alle Ihre Sinne ber\u00fchren und f\u00fcr einen unvergesslichen Aufenthalt sorgen. Erfrischen Sie sich unter der Regendusche oder genie\u00dfen Sie ein entspannendes Bad in der freistehenden Badewanne.<\/p>\n<p style=\"text-align: center;\">Profitieren Sie von der besten garantierten Rate durch direkte Buchung! Genie\u00dfen Sie zus\u00e4tzlich 10 % Rabatt auf Ihren Aufenthalt als  <a href=\"https:\/\/secure.accor.com\/lien_externe.svlt?goto=self-enroll&amp;contextparam=A224\">Mitglied von Accor ALL<\/a>.<\/p>\n","protected":false},"excerpt":{"rendered":"<p>Unsere ger\u00e4umige luxuri\u00f6se Unterkunft in Phuket bietet 53 Quadratmeter Ruhe, Modernit\u00e4t und Klasse mit einem Kingsize-Bett, das mit hochwertiger Bettw\u00e4sche ausgestattet ist, und einer \u00fcberdachten Terrasse mit Blick auf \u00fcppige Berge. Ruhiger Komfort, der traditionellen Stil mit zeitgen\u00f6ssischem Komfort kombiniert, wird alle Ihre Sinne ber\u00fchren und f\u00fcr einen unvergesslichen Aufenthalt sorgen. Erfrischen Sie sich unter [&hellip;]<\/p>\n","protected":false},"author":55,"featured_media":0,"parent":760,"menu_order":1,"comment_status":"closed","ping_status":"closed","template":"template-room.php","meta":{"footnotes":""},"categories":[52,50],"class_list":["post-765","page","type-page","status-publish","hentry","category-rooms-de","category-zimmer"],"acf":[],"yoast_head":"<!-- This site is optimized with the Yoast SEO plugin v26.9 - https:\/\/yoast.com\/product\/yoast-seo-wordpress\/ -->\n<title>DELUXE ZIMMER MIT BERGBLICK - Avista Grande Phuket Karon - Mgallery<\/title>\n<meta name=\"robots\" content=\"index, follow, max-snippet:-1, max-image-preview:large, max-video-preview:-1\" \/>\n<link rel=\"canonical\" href=\"https:\/\/www.avistagrandephuketresort.com\/de\/rooms-suites-karon-beach-hotel\/deluxe-mountain-view-room\/\" \/>\n<meta property=\"og:locale\" content=\"de_DE\" \/>\n<meta property=\"og:type\" content=\"article\" \/>\n<meta property=\"og:title\" content=\"DELUXE ZIMMER MIT BERGBLICK - Avista Grande Phuket Karon - Mgallery\" \/>\n<meta property=\"og:description\" content=\"Unsere ger\u00e4umige luxuri\u00f6se Unterkunft in Phuket bietet 53 Quadratmeter Ruhe, Modernit\u00e4t und Klasse mit einem Kingsize-Bett, das mit hochwertiger Bettw\u00e4sche ausgestattet ist, und einer \u00fcberdachten Terrasse mit Blick auf \u00fcppige Berge. Ruhiger Komfort, der traditionellen Stil mit zeitgen\u00f6ssischem Komfort kombiniert, wird alle Ihre Sinne ber\u00fchren und f\u00fcr einen unvergesslichen Aufenthalt sorgen. Erfrischen Sie sich unter [&hellip;]\" \/>\n<meta property=\"og:url\" content=\"https:\/\/www.avistagrandephuketresort.com\/de\/rooms-suites-karon-beach-hotel\/deluxe-mountain-view-room\/\" \/>\n<meta property=\"og:site_name\" content=\"Avista Grande Phuket Karon - Mgallery\" \/>\n<meta property=\"article:modified_time\" content=\"2023-09-13T09:44:27+00:00\" \/>\n<meta name=\"twitter:card\" content=\"summary_large_image\" \/>\n<meta name=\"twitter:label1\" content=\"Gesch\u00e4tzte Lesezeit\" \/>\n\t<meta name=\"twitter:data1\" content=\"1 Minute\" \/>\n<script type=\"application\/ld+json\" class=\"yoast-schema-graph\">{\"@context\":\"https:\/\/schema.org\",\"@graph\":[{\"@type\":\"WebPage\",\"@id\":\"https:\/\/www.avistagrandephuketresort.com\/de\/rooms-suites-karon-beach-hotel\/deluxe-mountain-view-room\/\",\"url\":\"https:\/\/www.avistagrandephuketresort.com\/de\/rooms-suites-karon-beach-hotel\/deluxe-mountain-view-room\/\",\"name\":\"DELUXE ZIMMER MIT BERGBLICK - Avista Grande Phuket Karon - Mgallery\",\"isPartOf\":{\"@id\":\"https:\/\/www.avistagrandephuketresort.com\/#website\"},\"datePublished\":\"2023-07-25T02:23:54+00:00\",\"dateModified\":\"2023-09-13T09:44:27+00:00\",\"breadcrumb\":{\"@id\":\"https:\/\/www.avistagrandephuketresort.com\/de\/rooms-suites-karon-beach-hotel\/deluxe-mountain-view-room\/#breadcrumb\"},\"inLanguage\":\"de-DE\",\"potentialAction\":[{\"@type\":\"ReadAction\",\"target\":[\"https:\/\/www.avistagrandephuketresort.com\/de\/rooms-suites-karon-beach-hotel\/deluxe-mountain-view-room\/\"]}]},{\"@type\":\"BreadcrumbList\",\"@id\":\"https:\/\/www.avistagrandephuketresort.com\/de\/rooms-suites-karon-beach-hotel\/deluxe-mountain-view-room\/#breadcrumb\",\"itemListElement\":[{\"@type\":\"ListItem\",\"position\":1,\"name\":\"Home\",\"item\":\"https:\/\/www.avistagrandephuketresort.com\/de\/\"},{\"@type\":\"ListItem\",\"position\":2,\"name\":\"Zimmer &#038; Suiten\",\"item\":\"https:\/\/www.avistagrandephuketresort.com\/de\/rooms-suites-karon-beach-hotel\/\"},{\"@type\":\"ListItem\",\"position\":3,\"name\":\"DELUXE ZIMMER MIT BERGBLICK\"}]},{\"@type\":\"WebSite\",\"@id\":\"https:\/\/www.avistagrandephuketresort.com\/#website\",\"url\":\"https:\/\/www.avistagrandephuketresort.com\/\",\"name\":\"Avista Grande Phuket Karon - Mgallery\",\"description\":\"\",\"potentialAction\":[{\"@type\":\"SearchAction\",\"target\":{\"@type\":\"EntryPoint\",\"urlTemplate\":\"https:\/\/www.avistagrandephuketresort.com\/?s={search_term_string}\"},\"query-input\":{\"@type\":\"PropertyValueSpecification\",\"valueRequired\":true,\"valueName\":\"search_term_string\"}}],\"inLanguage\":\"de-DE\"}]}<\/script>\n<!-- \/ Yoast SEO plugin. -->","yoast_head_json":{"title":"DELUXE ZIMMER MIT BERGBLICK - Avista Grande Phuket Karon - Mgallery","robots":{"index":"index","follow":"follow","max-snippet":"max-snippet:-1","max-image-preview":"max-image-preview:large","max-video-preview":"max-video-preview:-1"},"canonical":"https:\/\/www.avistagrandephuketresort.com\/de\/rooms-suites-karon-beach-hotel\/deluxe-mountain-view-room\/","og_locale":"de_DE","og_type":"article","og_title":"DELUXE ZIMMER MIT BERGBLICK - Avista Grande Phuket Karon - Mgallery","og_description":"Unsere ger\u00e4umige luxuri\u00f6se Unterkunft in Phuket bietet 53 Quadratmeter Ruhe, Modernit\u00e4t und Klasse mit einem Kingsize-Bett, das mit hochwertiger Bettw\u00e4sche ausgestattet ist, und einer \u00fcberdachten Terrasse mit Blick auf \u00fcppige Berge. Ruhiger Komfort, der traditionellen Stil mit zeitgen\u00f6ssischem Komfort kombiniert, wird alle Ihre Sinne ber\u00fchren und f\u00fcr einen unvergesslichen Aufenthalt sorgen. Erfrischen Sie sich unter [&hellip;]","og_url":"https:\/\/www.avistagrandephuketresort.com\/de\/rooms-suites-karon-beach-hotel\/deluxe-mountain-view-room\/","og_site_name":"Avista Grande Phuket Karon - Mgallery","article_modified_time":"2023-09-13T09:44:27+00:00","twitter_card":"summary_large_image","twitter_misc":{"Gesch\u00e4tzte Lesezeit":"1 Minute"},"schema":{"@context":"https:\/\/schema.org","@graph":[{"@type":"WebPage","@id":"https:\/\/www.avistagrandephuketresort.com\/de\/rooms-suites-karon-beach-hotel\/deluxe-mountain-view-room\/","url":"https:\/\/www.avistagrandephuketresort.com\/de\/rooms-suites-karon-beach-hotel\/deluxe-mountain-view-room\/","name":"DELUXE ZIMMER MIT BERGBLICK - Avista Grande Phuket Karon - Mgallery","isPartOf":{"@id":"https:\/\/www.avistagrandephuketresort.com\/#website"},"datePublished":"2023-07-25T02:23:54+00:00","dateModified":"2023-09-13T09:44:27+00:00","breadcrumb":{"@id":"https:\/\/www.avistagrandephuketresort.com\/de\/rooms-suites-karon-beach-hotel\/deluxe-mountain-view-room\/#breadcrumb"},"inLanguage":"de-DE","potentialAction":[{"@type":"ReadAction","target":["https:\/\/www.avistagrandephuketresort.com\/de\/rooms-suites-karon-beach-hotel\/deluxe-mountain-view-room\/"]}]},{"@type":"BreadcrumbList","@id":"https:\/\/www.avistagrandephuketresort.com\/de\/rooms-suites-karon-beach-hotel\/deluxe-mountain-view-room\/#breadcrumb","itemListElement":[{"@type":"ListItem","position":1,"name":"Home","item":"https:\/\/www.avistagrandephuketresort.com\/de\/"},{"@type":"ListItem","position":2,"name":"Zimmer &#038; Suiten","item":"https:\/\/www.avistagrandephuketresort.com\/de\/rooms-suites-karon-beach-hotel\/"},{"@type":"ListItem","position":3,"name":"DELUXE ZIMMER MIT BERGBLICK"}]},{"@type":"WebSite","@id":"https:\/\/www.avistagrandephuketresort.com\/#website","url":"https:\/\/www.avistagrandephuketresort.com\/","name":"Avista Grande Phuket Karon - Mgallery","description":"","potentialAction":[{"@type":"SearchAction","target":{"@type":"EntryPoint","urlTemplate":"https:\/\/www.avistagrandephuketresort.com\/?s={search_term_string}"},"query-input":{"@type":"PropertyValueSpecification","valueRequired":true,"valueName":"search_term_string"}}],"inLanguage":"de-DE"}]}},"_links":{"self":[{"href":"https:\/\/www.avistagrandephuketresort.com\/de\/wp-json\/wp\/v2\/pages\/765","targetHints":{"allow":["GET"]}}],"collection":[{"href":"https:\/\/www.avistagrandephuketresort.com\/de\/wp-json\/wp\/v2\/pages"}],"about":[{"href":"https:\/\/www.avistagrandephuketresort.com\/de\/wp-json\/wp\/v2\/types\/page"}],"author":[{"embeddable":true,"href":"https:\/\/www.avistagrandephuketresort.com\/de\/wp-json\/wp\/v2\/users\/55"}],"replies":[{"embeddable":true,"href":"https:\/\/www.avistagrandephuketresort.com\/de\/wp-json\/wp\/v2\/comments?post=765"}],"version-history":[{"count":0,"href":"https:\/\/www.avistagrandephuketresort.com\/de\/wp-json\/wp\/v2\/pages\/765\/revisions"}],"up":[{"embeddable":true,"href":"https:\/\/www.avistagrandephuketresort.com\/de\/wp-json\/wp\/v2\/pages\/760"}],"wp:attachment":[{"href":"https:\/\/www.avistagrandephuketresort.com\/de\/wp-json\/wp\/v2\/media?parent=765"}],"wp:term":[{"taxonomy":"category","embeddable":true,"href":"https:\/\/www.avistagrandephuketresort.com\/de\/wp-json\/wp\/v2\/categories?post=765"}],"curies":[{"name":"wp","href":"https:\/\/api.w.org\/{rel}","templated":true}]}}