{"id":750,"date":"2023-07-25T01:26:09","date_gmt":"2023-07-25T01:26:09","guid":{"rendered":"https:\/\/www.avistagrandephuketresort.com\/?page_id=750"},"modified":"2023-09-18T09:15:52","modified_gmt":"2023-09-18T09:15:52","slug":"home","status":"publish","type":"page","link":"https:\/\/www.avistagrandephuketresort.com\/de\/","title":{"rendered":"Home"},"content":{"rendered":"<p style=\"text-align: center\"><em>&#8222;Erleben Sie Phuket Hotels und ein  <a href=\"https:\/\/www.avistagrandephuketresort.com\/de\/avista-grande-phuket-karon-mgallery-awards\/\">preisgekr\u00f6ntes Boutique-Resort<\/a> am Karon Beach in Phuket, einem der l\u00e4ngsten und spektakul\u00e4rsten wei\u00dfen Sandstr\u00e4nde der Insel. Versteckt in \u00fcppig gr\u00fcnen Bergen, feiert das<a href=\"https:\/\/www.tripadvisor.com\/Hotel_Review-g10804710-d12629455-Reviews-Avista_Grande_Phuket_Karon_MGallery_Hotel_Collection-Karon_Beach_Karon_Phuket.html\">Nr. 1 Resort am Karon Beach laut Tripadvisor<\/a>die reiche kulturelle Geschichte der Insel mit einer Mischung aus modernem Luxus und dem Zauber der alten sino-portugiesischen Welt.<\/em><\/p>\n<p style=\"text-align: center\"><em>Mit einem funkelnden Swimmingpool im Zentrum, der von einer Marmor-Wasserfall-Attraktion und einer <a href=\"https:\/\/www.avistagrandephuketresort.com\/de\/restaurants-bars\/lido\/\">swim-up bar<\/a>begleitet wird, erwarten Sie charmante und unvergessliche Momente. Vom<a href=\"https:\/\/www.avistagrandephuketresort.com\/de\/offers\/phuket-afternoon-tea\/\">Grande High Tea<\/a> , inspiriert von der lokalen Kultur, bis hin zum<a href=\"https:\/\/www.avistagrandephuketresort.com\/de\/offers\/floating-breakfast\/\">schwebenden Fr\u00fchst\u00fcck<\/a>in unserer <a href=\"https:\/\/www.avistagrandephuketresort.com\/de\/rooms-suites-karon-beach-hotel\/deluxe-suite-pool-access\/\">Deluxe Pool Access Suite<\/a>.Genau das zeichnet das Avista Grande aus anderen Phuket Hotels aus. Mit herausragenden <a href=\"https:\/\/www.avistagrandephuketresort.com\/de\/restaurants-bars\/\">restaurants and bars<\/a> , die f\u00fcr alle Geschm\u00e4cker und Einfl\u00fcsse etwas bieten, ist unser preisgekr\u00f6ntes Restaurant<a href=\"https:\/\/www.avistagrandephuketresort.com\/de\/restaurants-bars\/portosino\/\">Portosino<\/a>das <a href=\"https:\/\/www.tripadvisor.com\/Restaurant_Review-g10804710-d13358640-Reviews-PORTOSINO_Restaurant-Karon_Beach_Karon_Phuket.html\">Nr. 1 Restaurant am Karon Beach laut Tripadvisor<\/a><\/em><\/p>\n<p style=\"text-align: center\"><em>F\u00fcr erholsame Aufenthalte bieten wir ger\u00e4umige  <a href=\"https:\/\/www.avistagrandephuketresort.com\/de\/rooms-suites-karon-beach-hotel\/\">Zimmer und Suiten<\/a> , die die gr\u00f6\u00dften am Karon Beach sind und bei 53 Quadratmetern beginnen. Sie verf\u00fcgen \u00fcber ein modernes, anspruchsvolles Design und Ankl\u00e4nge an das Erbe von Phuket.Unser preisgekr\u00f6ntes  <a href=\"https:\/\/www.avistagrandephuketresort.com\/de\/wellness-resort\/pearl-luxury-spa-phuket\/\">Pearl Spa<\/a> bietet verw\u00f6hnende Behandlungen, um das innere Feuer unserer G\u00e4ste zu entfachen, und ist das <a href=\"https:\/\/www.tripadvisor.com\/Attraction_Review-g10804710-d13564177-Reviews-Pearl_Spa_in_Phuket-Karon_Beach_Karon_Phuket.html\">Nr. 1 Spa in Karon laut Tripadvisor.<\/a>&#8222;<\/em><\/p>\n<p style=\"text-align: center\"><strong>YOGI RANA<\/strong><br \/>\nGESCH\u00c4FTSF\u00dcHRERIN<\/p>\n","protected":false},"excerpt":{"rendered":"<p>&#8222;Erleben Sie Phuket Hotels und ein preisgekr\u00f6ntes Boutique-Resort am Karon Beach in Phuket, einem der l\u00e4ngsten und spektakul\u00e4rsten wei\u00dfen Sandstr\u00e4nde der Insel. Versteckt in \u00fcppig gr\u00fcnen Bergen, feiert dasNr. 1 Resort am Karon Beach laut Tripadvisordie reiche kulturelle Geschichte der Insel mit einer Mischung aus modernem Luxus und dem Zauber der alten sino-portugiesischen Welt. Mit [&hellip;]<\/p>\n","protected":false},"author":55,"featured_media":0,"parent":0,"menu_order":0,"comment_status":"closed","ping_status":"closed","template":"","meta":{"footnotes":""},"categories":[],"class_list":["post-750","page","type-page","status-publish","hentry"],"acf":[],"yoast_head":"<!-- This site is optimized with the Yoast SEO plugin v26.9 - https:\/\/yoast.com\/product\/yoast-seo-wordpress\/ -->\n<title>Home - Avista Grande Phuket Karon - Mgallery<\/title>\n<meta name=\"robots\" content=\"index, follow, max-snippet:-1, max-image-preview:large, max-video-preview:-1\" \/>\n<link rel=\"canonical\" href=\"https:\/\/www.avistagrandephuketresort.com\/de\/\" \/>\n<meta property=\"og:locale\" content=\"de_DE\" \/>\n<meta property=\"og:type\" content=\"article\" \/>\n<meta property=\"og:title\" content=\"Home - Avista Grande Phuket Karon - Mgallery\" \/>\n<meta property=\"og:description\" content=\"&#8222;Erleben Sie Phuket Hotels und ein preisgekr\u00f6ntes Boutique-Resort am Karon Beach in Phuket, einem der l\u00e4ngsten und spektakul\u00e4rsten wei\u00dfen Sandstr\u00e4nde der Insel. Versteckt in \u00fcppig gr\u00fcnen Bergen, feiert dasNr. 1 Resort am Karon Beach laut Tripadvisordie reiche kulturelle Geschichte der Insel mit einer Mischung aus modernem Luxus und dem Zauber der alten sino-portugiesischen Welt. Mit [&hellip;]\" \/>\n<meta property=\"og:url\" content=\"https:\/\/www.avistagrandephuketresort.com\/de\/\" \/>\n<meta property=\"og:site_name\" content=\"Avista Grande Phuket Karon - Mgallery\" \/>\n<meta property=\"article:modified_time\" content=\"2023-09-18T09:15:52+00:00\" \/>\n<meta name=\"twitter:card\" content=\"summary_large_image\" \/>\n<meta name=\"twitter:label1\" content=\"Gesch\u00e4tzte Lesezeit\" \/>\n\t<meta name=\"twitter:data1\" content=\"1 Minute\" \/>\n<script type=\"application\/ld+json\" class=\"yoast-schema-graph\">{\"@context\":\"https:\/\/schema.org\",\"@graph\":[{\"@type\":\"WebPage\",\"@id\":\"https:\/\/www.avistagrandephuketresort.com\/de\/\",\"url\":\"https:\/\/www.avistagrandephuketresort.com\/de\/\",\"name\":\"Home - Avista Grande Phuket Karon - Mgallery\",\"isPartOf\":{\"@id\":\"https:\/\/www.avistagrandephuketresort.com\/#website\"},\"datePublished\":\"2023-07-25T01:26:09+00:00\",\"dateModified\":\"2023-09-18T09:15:52+00:00\",\"breadcrumb\":{\"@id\":\"https:\/\/www.avistagrandephuketresort.com\/de\/#breadcrumb\"},\"inLanguage\":\"de-DE\",\"potentialAction\":[{\"@type\":\"ReadAction\",\"target\":[\"https:\/\/www.avistagrandephuketresort.com\/de\/\"]}]},{\"@type\":\"BreadcrumbList\",\"@id\":\"https:\/\/www.avistagrandephuketresort.com\/de\/#breadcrumb\",\"itemListElement\":[{\"@type\":\"ListItem\",\"position\":1,\"name\":\"Home\",\"item\":\"https:\/\/www.avistagrandephuketresort.com\/de\/\"},{\"@type\":\"ListItem\",\"position\":2,\"name\":\"Home\"}]},{\"@type\":\"WebSite\",\"@id\":\"https:\/\/www.avistagrandephuketresort.com\/#website\",\"url\":\"https:\/\/www.avistagrandephuketresort.com\/\",\"name\":\"Avista Grande Phuket Karon - Mgallery\",\"description\":\"\",\"potentialAction\":[{\"@type\":\"SearchAction\",\"target\":{\"@type\":\"EntryPoint\",\"urlTemplate\":\"https:\/\/www.avistagrandephuketresort.com\/?s={search_term_string}\"},\"query-input\":{\"@type\":\"PropertyValueSpecification\",\"valueRequired\":true,\"valueName\":\"search_term_string\"}}],\"inLanguage\":\"de-DE\"}]}<\/script>\n<!-- \/ Yoast SEO plugin. -->","yoast_head_json":{"title":"Home - Avista Grande Phuket Karon - Mgallery","robots":{"index":"index","follow":"follow","max-snippet":"max-snippet:-1","max-image-preview":"max-image-preview:large","max-video-preview":"max-video-preview:-1"},"canonical":"https:\/\/www.avistagrandephuketresort.com\/de\/","og_locale":"de_DE","og_type":"article","og_title":"Home - Avista Grande Phuket Karon - Mgallery","og_description":"&#8222;Erleben Sie Phuket Hotels und ein preisgekr\u00f6ntes Boutique-Resort am Karon Beach in Phuket, einem der l\u00e4ngsten und spektakul\u00e4rsten wei\u00dfen Sandstr\u00e4nde der Insel. Versteckt in \u00fcppig gr\u00fcnen Bergen, feiert dasNr. 1 Resort am Karon Beach laut Tripadvisordie reiche kulturelle Geschichte der Insel mit einer Mischung aus modernem Luxus und dem Zauber der alten sino-portugiesischen Welt. Mit [&hellip;]","og_url":"https:\/\/www.avistagrandephuketresort.com\/de\/","og_site_name":"Avista Grande Phuket Karon - Mgallery","article_modified_time":"2023-09-18T09:15:52+00:00","twitter_card":"summary_large_image","twitter_misc":{"Gesch\u00e4tzte Lesezeit":"1 Minute"},"schema":{"@context":"https:\/\/schema.org","@graph":[{"@type":"WebPage","@id":"https:\/\/www.avistagrandephuketresort.com\/de\/","url":"https:\/\/www.avistagrandephuketresort.com\/de\/","name":"Home - Avista Grande Phuket Karon - Mgallery","isPartOf":{"@id":"https:\/\/www.avistagrandephuketresort.com\/#website"},"datePublished":"2023-07-25T01:26:09+00:00","dateModified":"2023-09-18T09:15:52+00:00","breadcrumb":{"@id":"https:\/\/www.avistagrandephuketresort.com\/de\/#breadcrumb"},"inLanguage":"de-DE","potentialAction":[{"@type":"ReadAction","target":["https:\/\/www.avistagrandephuketresort.com\/de\/"]}]},{"@type":"BreadcrumbList","@id":"https:\/\/www.avistagrandephuketresort.com\/de\/#breadcrumb","itemListElement":[{"@type":"ListItem","position":1,"name":"Home","item":"https:\/\/www.avistagrandephuketresort.com\/de\/"},{"@type":"ListItem","position":2,"name":"Home"}]},{"@type":"WebSite","@id":"https:\/\/www.avistagrandephuketresort.com\/#website","url":"https:\/\/www.avistagrandephuketresort.com\/","name":"Avista Grande Phuket Karon - Mgallery","description":"","potentialAction":[{"@type":"SearchAction","target":{"@type":"EntryPoint","urlTemplate":"https:\/\/www.avistagrandephuketresort.com\/?s={search_term_string}"},"query-input":{"@type":"PropertyValueSpecification","valueRequired":true,"valueName":"search_term_string"}}],"inLanguage":"de-DE"}]}},"_links":{"self":[{"href":"https:\/\/www.avistagrandephuketresort.com\/de\/wp-json\/wp\/v2\/pages\/750","targetHints":{"allow":["GET"]}}],"collection":[{"href":"https:\/\/www.avistagrandephuketresort.com\/de\/wp-json\/wp\/v2\/pages"}],"about":[{"href":"https:\/\/www.avistagrandephuketresort.com\/de\/wp-json\/wp\/v2\/types\/page"}],"author":[{"embeddable":true,"href":"https:\/\/www.avistagrandephuketresort.com\/de\/wp-json\/wp\/v2\/users\/55"}],"replies":[{"embeddable":true,"href":"https:\/\/www.avistagrandephuketresort.com\/de\/wp-json\/wp\/v2\/comments?post=750"}],"version-history":[{"count":0,"href":"https:\/\/www.avistagrandephuketresort.com\/de\/wp-json\/wp\/v2\/pages\/750\/revisions"}],"wp:attachment":[{"href":"https:\/\/www.avistagrandephuketresort.com\/de\/wp-json\/wp\/v2\/media?parent=750"}],"wp:term":[{"taxonomy":"category","embeddable":true,"href":"https:\/\/www.avistagrandephuketresort.com\/de\/wp-json\/wp\/v2\/categories?post=750"}],"curies":[{"name":"wp","href":"https:\/\/api.w.org\/{rel}","templated":true}]}}